{"id":188,"date":"2022-12-12T16:12:25","date_gmt":"2022-12-12T16:12:25","guid":{"rendered":"https:\/\/goodyearairsprings.com\/?page_id=188"},"modified":"2023-04-18T18:41:07","modified_gmt":"2023-04-18T18:41:07","slug":"descargo-de-responsabilidad","status":"publish","type":"page","link":"https:\/\/goodyearairsprings.com\/es\/disclaimer\/","title":{"rendered":"Descargo de responsabilidad"},"content":{"rendered":"<div class=\"fusion-fullwidth fullwidth-box fusion-builder-row-1 fusion-flex-container has-pattern-background has-mask-background nonhundred-percent-fullwidth non-hundred-percent-height-scrolling\" style=\"--awb-border-radius-top-left:0px;--awb-border-radius-top-right:0px;--awb-border-radius-bottom-right:0px;--awb-border-radius-bottom-left:0px;--awb-flex-wrap:wrap;\" ><div class=\"fusion-builder-row fusion-row fusion-flex-align-items-flex-start fusion-flex-content-wrap\" style=\"max-width:1352px;margin-left: calc(-4% \/ 2 );margin-right: calc(-4% \/ 2 );\"><div class=\"fusion-layout-column fusion_builder_column fusion-builder-column-0 fusion_builder_column_1_1 1_1 fusion-flex-column\" style=\"--awb-bg-size:cover;--awb-width-large:100%;--awb-margin-top-large:0px;--awb-spacing-right-large:1.92%;--awb-margin-bottom-large:20px;--awb-spacing-left-large:1.92%;--awb-width-medium:100%;--awb-order-medium:0;--awb-spacing-right-medium:1.92%;--awb-spacing-left-medium:1.92%;--awb-width-small:100%;--awb-order-small:0;--awb-spacing-right-small:1.92%;--awb-spacing-left-small:1.92%;\"><div class=\"fusion-column-wrapper fusion-column-has-shadow fusion-flex-justify-content-flex-start fusion-content-layout-column\"><div class=\"fusion-text fusion-text-1\"><h2 style=\"margin-bottom: .7em;\">Legal<\/h2>\n<p>La marca GOODYEAR es utilizada por Infinity Engineered Products bajo licencia de The Goodyear Tire &amp; Rubber Company. Los amortiguadores de aire Goodyear son fabricados y suministrados exclusivamente por Infinity Engineered Products o sus afiliados. 2023 Infinity Engineered Products Todos los derechos reservados.<\/p>\n<p><strong>Aviso legal<\/strong><br \/>Infinity Air Springs Products Inc. (\" INFINITY \") ofrece este sitio web, incluida toda la informaci\u00f3n y los servicios disponibles en este sitio web u ofrecidos como parte de este sitio web o conjuntamente con \u00e9l (el \"Sitio web\"), a usted, el usuario, con la condici\u00f3n de que acepte todos los t\u00e9rminos, condiciones, pol\u00edticas y avisos que se establecen a continuaci\u00f3n (\"T\u00e9rminos y condiciones\"). El uso continuado del Sitio Web por su parte constituye su aceptaci\u00f3n de los T\u00e9rminos y Condiciones.<\/p>\n<p><strong>Condiciones generales Sin garant\u00edas<\/strong><br \/>La informaci\u00f3n contenida en este sitio web se proporciona sin ninguna garant\u00eda o representaci\u00f3n en cuanto a exactitud, integridad o actualidad. INFINITY no garantiza que el Sitio Web o su funcionamiento sean precisos, fiables, ininterrumpidos o libres de errores. INFINITY no asume ninguna responsabilidad por errores u omisiones en el contenido o el funcionamiento del Sitio. INFINITY se reserva el derecho a modificar la informaci\u00f3n contenida en este Sitio Web sin previo aviso, y no se compromete a actualizar la informaci\u00f3n contenida en este Sitio Web. UTILICE EL SITIO WEB POR SU CUENTA Y RIESGO. ESTE SITIO WEB SE LE PROPORCIONA \"TAL CUAL\", SIN GARANT\u00cdA DE NING\u00daN TIPO, YA SEA EXPRESA O IMPL\u00cdCITA, INCLUYENDO, PERO NO LIMITADO A, LAS GARANT\u00cdAS IMPL\u00cdCITAS DE COMERCIABILIDAD, IDONEIDAD PARA UN PROP\u00d3SITO PARTICULAR O NO INFRACCI\u00d3N. Tenga en cuenta que algunas jurisdicciones pueden no permitir la exclusi\u00f3n de garant\u00edas impl\u00edcitas, por lo que algunas de las exclusiones anteriores pueden no ser aplicables. INFINITY tampoco asume ninguna responsabilidad por, y no ser\u00e1 responsable de, ning\u00fan da\u00f1o o virus que pueda infectar su equipo inform\u00e1tico u otra propiedad como resultado de su acceso, uso o navegaci\u00f3n en el Sitio Web o de su descarga de cualquier archivo, imagen, texto u otros materiales del Sitio Web.<\/p>\n<p><strong>Exclusi\u00f3n de responsabilidad<\/strong><br \/>EN NING\u00daN CASO INFINITY NI NINGUNA DE SUS FILIALES SER\u00c1 RESPONSABLE DE NING\u00daN DA\u00d1O DIRECTO, INDIRECTO, ESPECIAL, CONSECUENTE, PUNITIVO, EJEMPLAR O DE OTRO TIPO QUE SE DERIVE DEL USO DE ESTE SITIO WEB, INCLUIDOS, ENTRE OTROS, LA P\u00c9RDIDA DE BENEFICIOS, LA INTERRUPCI\u00d3N DE LA ACTIVIDAD COMERCIAL Y LA P\u00c9RDIDA DE PROGRAMAS U OTROS DATOS.<\/p>\n<p><strong>Derechos de autor<\/strong><br \/>Todo el material contenido en el sitio web (incluido todo el software, c\u00f3digo HTML, applets de Java, controles Active X y otros c\u00f3digos) est\u00e1 protegido por las leyes de propiedad intelectual de Estados Unidos y otros pa\u00edses. Salvo que se indique expresamente lo contrario en estos t\u00e9rminos y condiciones, usted no puede copiar, distribuir, transmitir, mostrar, ejecutar, reproducir, publicar, licenciar, modificar, reescribir, crear trabajos derivados, transferir o vender ning\u00fan material contenido en el Sitio Web sin el consentimiento previo de INFINITY. Usted puede hacer copias individuales de los materiales que aparecen en el sitio web para su propio uso, siempre que las copias incluyan los derechos de autor y otros avisos que aparecen con los materiales en el sitio web. No podr\u00e1 distribuir dichas copias a terceros, ya sea a cambio de una remuneraci\u00f3n u otra contraprestaci\u00f3n, sin el permiso previo por escrito de INFINITY. Cualquier uso no autorizado de cualquier material del Sitio Web puede violar las leyes de derechos de autor, las leyes de marcas registradas, las leyes de privacidad y publicidad, y los reglamentos y estatutos de comunicaciones. La violaci\u00f3n de esta disposici\u00f3n puede dar lugar a importantes sanciones civiles y penales.<\/p>\n<p><strong>Marcas<\/strong><br \/>Las marcas comerciales, logotipos y marcas de servicio (colectivamente las \"Marcas comerciales\") que aparecen en el Sitio web son marcas comerciales de INFINITY y sus filiales. Otras marcas comerciales aparecen en el sitio web con el permiso de sus respectivos propietarios. Nada de lo contenido en el Sitio Web debe interpretarse como una concesi\u00f3n de licencia o derecho de uso de cualquier Marca Comercial que aparezca en el Sitio Web. El uso no autorizado de las Marcas registradas est\u00e1 estrictamente prohibido y puede constituir una infracci\u00f3n de marca registrada, lo que podr\u00eda exponerle a importantes sanciones civiles y penales. INFINITY har\u00e1 valer en\u00e9rgicamente sus derechos de marca comercial con todo el rigor de la ley, incluida la interposici\u00f3n de acciones penales.<\/p>\n<p><strong>Env\u00edos de usuarios<\/strong><br \/>Cualquier comunicaci\u00f3n o material que usted transmita a INFINITY utilizando el Sitio web o por correo electr\u00f3nico a cualquier direcci\u00f3n que figure en el Sitio web, incluidos datos, preguntas, comentarios, sugerencias o similares, es y ser\u00e1 tratado como no confidencial y sin derechos de propiedad, pasar\u00e1 a ser propiedad de INFINITY o de sus filiales, y podr\u00e1 ser utilizado por INFINITY para cualquier fin.<\/p>\n<p><strong>Enlaces y v\u00ednculos<\/strong><br \/>Este sitio web puede contener hiperv\u00ednculos a otros sitios web. Dichos enlaces est\u00e1n destinados \u00fanicamente a la comodidad del usuario. INFINITY no controla ni se hace responsable del contenido de los sitios web externos. Los enlaces a dichos sitios web de terceros no constituyen patrocinio, respaldo o aprobaci\u00f3n de dichos sitios web ni de sus contenidos. Puede establecer un enlace a este sitio web, siempre que (i) no elimine ni oculte el aviso de copyright u otros avisos de este sitio web, (ii) notifique a INFINITY dicho enlace enviando un correo electr\u00f3nico a info@infinityairsprings.com, proporcionando la URL de la(s) p\u00e1gina(s) donde aparecer\u00e1 el enlace e informaci\u00f3n sobre el propietario de la URL, y (iii) deje de proporcionar un enlace a este sitio web si as\u00ed lo solicita INFINITY o sus filiales. INFINITY se reserva el derecho de revocar esta licencia en general, o su derecho a utilizar enlaces espec\u00edficos, en cualquier momento. Bajo ninguna circunstancia podr\u00e1 \"enmarcar\" el Sitio Web o cualquiera de sus contenidos o copiar partes del Sitio Web en un servidor, excepto como parte de un almacenamiento en cach\u00e9 incidental de p\u00e1ginas por parte de un proveedor de servicios de Internet. Cada p\u00e1gina del sitio web debe mostrarse en su totalidad (incluidas todas las marcas comerciales, marcas, publicidad y materiales promocionales), sin ning\u00fan marco, borde, margen, dise\u00f1o, marca, marca comercial, publicidad o materiales promocionales que no se muestren originalmente en la p\u00e1gina del sitio web.<\/p>\n<p><strong>Privacidad<\/strong><br \/>INFINITY y sus filiales pueden recopilar las direcciones IP de los visitantes del Sitio Web. Esta informaci\u00f3n puede ser agregada para medir el n\u00famero de visitas, el tiempo medio de visita, las p\u00e1ginas vistas, etc., con el fin de medir el uso del Sitio Web y mejorar el contenido seg\u00fan sea necesario. INFINITY s\u00f3lo recopila informaci\u00f3n personal de nuestros visitantes de forma voluntaria. La informaci\u00f3n personal puede incluir nombre, cargo, empresa, direcci\u00f3n, direcci\u00f3n de correo electr\u00f3nico, n\u00famero de tel\u00e9fono y similares. A menos que se indique espec\u00edficamente, no requerimos esta informaci\u00f3n para obtener acceso a cualquier parte del sitio web. INFINITY no tiene intenci\u00f3n de recopilar datos personales de personas menores de 13 a\u00f1os.<\/p>\n<p><strong>Cookies<\/strong><br \/>INFINITY puede colocar una \"cookie\" en el navegador de su ordenador. La cookie en s\u00ed no contiene ninguna informaci\u00f3n de identificaci\u00f3n personal. Una cookie puede utilizarse para saber cu\u00e1ndo su ordenador se ha puesto en contacto con el sitio web. INFINITY utiliza la informaci\u00f3n con fines editoriales y otros fines como la entrega de funciones y anuncios publicitarios para que INFINITY pueda personalizar la entrega de informaci\u00f3n a usted sin comprometer la privacidad.<\/p>\n<p><strong>Cese de privilegios<\/strong><br \/>INFINITY se reserva el derecho a poner fin a su privilegio de utilizar la totalidad o parte del Sitio Web si incumple cualquiera de estas Condiciones.<\/p>\n<p><strong>Ley aplicable y jurisdicci\u00f3n<\/strong><br \/>INFINITY controla y opera el Sitio Web desde su oficina principal en el Estado de Texas. INFINITY no garantiza que los materiales del sitio web sean apropiados o est\u00e9n disponibles para su uso en otros lugares. Aquellos que decidan acceder al sitio web desde otros lugares lo hacen por iniciativa propia y son responsables del cumplimiento de todas las leyes, normas y reglamentos locales aplicables, incluyendo, sin limitaci\u00f3n, las leyes y reglamentos de exportaci\u00f3n. El Sitio Web no pretende someter a INFINITY a las leyes o jurisdicci\u00f3n de ning\u00fan estado, pa\u00eds o territorio que no sea el Estado de Texas. Las leyes del Estado de Texas regir\u00e1n la aplicaci\u00f3n de estos T\u00e9rminos y Condiciones y cualquier disputa que pueda surgir a continuaci\u00f3n o como resultado de su uso de este sitio web, y usted acepta someterse a la jurisdicci\u00f3n personal exclusiva y el lugar de cualquier tribunal estatal o federal ubicado all\u00ed.<\/p>\n<p><strong>Acuerdo completo<\/strong><br \/>Estos T\u00e9rminos y condiciones constituyen el acuerdo y entendimiento completo entre usted e INFINITY con respecto al uso del Sitio web, y sustituyen a todas las comunicaciones y\/o propuestas anteriores o contempor\u00e1neas. INFINITY se reserva el derecho de hacer cambios a estos T\u00e9rminos y Condiciones inmediatamente publicando los T\u00e9rminos y Condiciones modificados en esta ubicaci\u00f3n. Al continuar utilizando el Sitio Web, usted acepta todos los cambios realizados por INFINITY. Una versi\u00f3n impresa de estas Condiciones Generales ser\u00e1 admisible en procedimientos judiciales o administrativos basados en o relacionados con el uso del Sitio Web en la misma medida, y sujeta a las mismas condiciones, que otros documentos y registros comerciales generados y conservados originalmente en formato impreso.<\/p>\n<\/div><\/div><\/div><\/div><\/div>","protected":false},"excerpt":{"rendered":"","protected":false},"author":2,"featured_media":0,"parent":0,"menu_order":0,"comment_status":"closed","ping_status":"closed","template":"","meta":{"_analytify_skip_tracking":false,"footnotes":""},"class_list":["post-188","page","type-page","status-publish","hentry"],"aioseo_notices":[],"aioseo_head":"\n\t\t<!-- All in One SEO Pro 4.9.5.2 - aioseo.com -->\n\t<meta name=\"description\" content=\"Legal The GOODYEAR trademark is used by Infinity Engineered Products under license from The Goodyear Tire &amp; Rubber Company. Goodyear Air Springs are manufactured and sourced exclusively by Infinity Engineered Products or its affiliates. \u00a9 2023 Infinity Engineered Products All rights reserved. Legal NoticeInfinity Air Springs Products Inc. (\u201c INFINITY \u201d) offers this website, including\" \/>\n\t<meta name=\"robots\" content=\"max-image-preview:large\" \/>\n\t<link rel=\"canonical\" href=\"https:\/\/goodyearairsprings.com\/es\/disclaimer\/\" \/>\n\t<meta name=\"generator\" content=\"All in One SEO Pro (AIOSEO) 4.9.5.2\" \/>\n\t\t<meta property=\"og:locale\" content=\"es_MX\" \/>\n\t\t<meta property=\"og:site_name\" content=\"Goodyear Air Springs - Engineered for Mission-Critical Industries\" \/>\n\t\t<meta property=\"og:type\" content=\"article\" \/>\n\t\t<meta property=\"og:title\" content=\"Disclaimer - Goodyear Air Springs\" \/>\n\t\t<meta property=\"og:description\" content=\"Legal The GOODYEAR trademark is used by Infinity Engineered Products under license from The Goodyear Tire &amp; Rubber Company. Goodyear Air Springs are manufactured and sourced exclusively by Infinity Engineered Products or its affiliates. \u00a9 2023 Infinity Engineered Products All rights reserved. Legal NoticeInfinity Air Springs Products Inc. (\u201c INFINITY \u201d) offers this website, including\" \/>\n\t\t<meta property=\"og:url\" content=\"https:\/\/goodyearairsprings.com\/es\/disclaimer\/\" \/>\n\t\t<meta property=\"og:image\" content=\"https:\/\/goodyearairsprings.com\/wp-content\/uploads\/2022\/11\/Infinity-Goodyear-logo-mobile.png\" \/>\n\t\t<meta property=\"og:image:secure_url\" content=\"https:\/\/goodyearairsprings.com\/wp-content\/uploads\/2022\/11\/Infinity-Goodyear-logo-mobile.png\" \/>\n\t\t<meta property=\"og:image:width\" content=\"340\" \/>\n\t\t<meta property=\"og:image:height\" content=\"59\" \/>\n\t\t<meta property=\"article:published_time\" content=\"2022-12-12T16:12:25+00:00\" \/>\n\t\t<meta property=\"article:modified_time\" content=\"2023-04-18T18:41:07+00:00\" \/>\n\t\t<meta name=\"twitter:card\" content=\"summary_large_image\" \/>\n\t\t<meta name=\"twitter:site\" content=\"@GoodYearSprings\" \/>\n\t\t<meta name=\"twitter:title\" content=\"Disclaimer - Goodyear Air Springs\" \/>\n\t\t<meta name=\"twitter:description\" content=\"Legal The GOODYEAR trademark is used by Infinity Engineered Products under license from The Goodyear Tire &amp; Rubber Company. Goodyear Air Springs are manufactured and sourced exclusively by Infinity Engineered Products or its affiliates. \u00a9 2023 Infinity Engineered Products All rights reserved. Legal NoticeInfinity Air Springs Products Inc. (\u201c INFINITY \u201d) offers this website, including\" \/>\n\t\t<meta name=\"twitter:creator\" content=\"@GoodYearSprings\" \/>\n\t\t<meta name=\"twitter:image\" content=\"https:\/\/goodyearairsprings.com\/wp-content\/uploads\/2022\/11\/Infinity-Goodyear-logo-mobile.png\" \/>\n\t\t<script type=\"application\/ld+json\" class=\"aioseo-schema\">\n\t\t\t{\"@context\":\"https:\\\/\\\/schema.org\",\"@graph\":[{\"@type\":\"BreadcrumbList\",\"@id\":\"https:\\\/\\\/goodyearairsprings.com\\\/es\\\/disclaimer\\\/#breadcrumblist\",\"itemListElement\":[{\"@type\":\"ListItem\",\"@id\":\"https:\\\/\\\/goodyearairsprings.com\\\/es#listItem\",\"position\":1,\"name\":\"Home\",\"item\":\"https:\\\/\\\/goodyearairsprings.com\\\/es\",\"nextItem\":{\"@type\":\"ListItem\",\"@id\":\"https:\\\/\\\/goodyearairsprings.com\\\/es\\\/disclaimer\\\/#listItem\",\"name\":\"Disclaimer\"}},{\"@type\":\"ListItem\",\"@id\":\"https:\\\/\\\/goodyearairsprings.com\\\/es\\\/disclaimer\\\/#listItem\",\"position\":2,\"name\":\"Disclaimer\",\"previousItem\":{\"@type\":\"ListItem\",\"@id\":\"https:\\\/\\\/goodyearairsprings.com\\\/es#listItem\",\"name\":\"Home\"}}]},{\"@type\":\"Organization\",\"@id\":\"https:\\\/\\\/goodyearairsprings.com\\\/es\\\/#organization\",\"name\":\"Infinity Engineered Products \\\/ Goodyear Air Springs\",\"description\":\"Engineered for Mission-Critical Industries\",\"url\":\"https:\\\/\\\/goodyearairsprings.com\\\/es\\\/\",\"telephone\":\"+18778973469\",\"logo\":{\"@type\":\"ImageObject\",\"url\":\"https:\\\/\\\/goodyearairsprings.com\\\/wp-content\\\/uploads\\\/2022\\\/11\\\/Infinity-Goodyear-logo-1.png\",\"@id\":\"https:\\\/\\\/goodyearairsprings.com\\\/es\\\/disclaimer\\\/#organizationLogo\",\"width\":576,\"height\":100},\"image\":{\"@id\":\"https:\\\/\\\/goodyearairsprings.com\\\/es\\\/disclaimer\\\/#organizationLogo\"},\"sameAs\":[\"https:\\\/\\\/x.com\\\/GoodYearSprings\",\"https:\\\/\\\/www.instagram.com\\\/goodyearairsprings.social\\\/\",\"https:\\\/\\\/www.linkedin.com\\\/company\\\/good-year-air-springs\\\/\"]},{\"@type\":\"WebPage\",\"@id\":\"https:\\\/\\\/goodyearairsprings.com\\\/es\\\/disclaimer\\\/#webpage\",\"url\":\"https:\\\/\\\/goodyearairsprings.com\\\/es\\\/disclaimer\\\/\",\"name\":\"Disclaimer - Goodyear Air Springs\",\"description\":\"Legal The GOODYEAR trademark is used by Infinity Engineered Products under license from The Goodyear Tire & Rubber Company. Goodyear Air Springs are manufactured and sourced exclusively by Infinity Engineered Products or its affiliates. \\u00a9 2023 Infinity Engineered Products All rights reserved. Legal NoticeInfinity Air Springs Products Inc. (\\u201c INFINITY \\u201d) offers this website, including\",\"inLanguage\":\"es-MX\",\"isPartOf\":{\"@id\":\"https:\\\/\\\/goodyearairsprings.com\\\/es\\\/#website\"},\"breadcrumb\":{\"@id\":\"https:\\\/\\\/goodyearairsprings.com\\\/es\\\/disclaimer\\\/#breadcrumblist\"},\"datePublished\":\"2022-12-12T16:12:25+00:00\",\"dateModified\":\"2023-04-18T18:41:07+00:00\"},{\"@type\":\"WebSite\",\"@id\":\"https:\\\/\\\/goodyearairsprings.com\\\/es\\\/#website\",\"url\":\"https:\\\/\\\/goodyearairsprings.com\\\/es\\\/\",\"name\":\"Infinity Engineered Products \\\/ Goodyear Air Springs\",\"description\":\"Engineered for Mission-Critical Industries\",\"inLanguage\":\"es-MX\",\"publisher\":{\"@id\":\"https:\\\/\\\/goodyearairsprings.com\\\/es\\\/#organization\"}}]}\n\t\t<\/script>\n\t\t<!-- All in One SEO Pro -->\r\n\t\t<title>Disclaimer - Goodyear Air Springs<\/title>\n\n","aioseo_head_json":{"title":"Disclaimer - Goodyear Air Springs","description":"Legal The GOODYEAR trademark is used by Infinity Engineered Products under license from The Goodyear Tire & Rubber Company. Goodyear Air Springs are manufactured and sourced exclusively by Infinity Engineered Products or its affiliates. \u00a9 2023 Infinity Engineered Products All rights reserved. Legal NoticeInfinity Air Springs Products Inc. (\u201c INFINITY \u201d) offers this website, including","canonical_url":"https:\/\/goodyearairsprings.com\/es\/disclaimer\/","robots":"max-image-preview:large","keywords":"","webmasterTools":{"miscellaneous":""},"schema":{"@context":"https:\/\/schema.org","@graph":[{"@type":"BreadcrumbList","@id":"https:\/\/goodyearairsprings.com\/es\/disclaimer\/#breadcrumblist","itemListElement":[{"@type":"ListItem","@id":"https:\/\/goodyearairsprings.com\/es#listItem","position":1,"name":"Home","item":"https:\/\/goodyearairsprings.com\/es","nextItem":{"@type":"ListItem","@id":"https:\/\/goodyearairsprings.com\/es\/disclaimer\/#listItem","name":"Disclaimer"}},{"@type":"ListItem","@id":"https:\/\/goodyearairsprings.com\/es\/disclaimer\/#listItem","position":2,"name":"Disclaimer","previousItem":{"@type":"ListItem","@id":"https:\/\/goodyearairsprings.com\/es#listItem","name":"Home"}}]},{"@type":"Organization","@id":"https:\/\/goodyearairsprings.com\/es\/#organization","name":"Infinity Engineered Products \/ Goodyear Air Springs","description":"Engineered for Mission-Critical Industries","url":"https:\/\/goodyearairsprings.com\/es\/","telephone":"+18778973469","logo":{"@type":"ImageObject","url":"https:\/\/goodyearairsprings.com\/wp-content\/uploads\/2022\/11\/Infinity-Goodyear-logo-1.png","@id":"https:\/\/goodyearairsprings.com\/es\/disclaimer\/#organizationLogo","width":576,"height":100},"image":{"@id":"https:\/\/goodyearairsprings.com\/es\/disclaimer\/#organizationLogo"},"sameAs":["https:\/\/x.com\/GoodYearSprings","https:\/\/www.instagram.com\/goodyearairsprings.social\/","https:\/\/www.linkedin.com\/company\/good-year-air-springs\/"]},{"@type":"WebPage","@id":"https:\/\/goodyearairsprings.com\/es\/disclaimer\/#webpage","url":"https:\/\/goodyearairsprings.com\/es\/disclaimer\/","name":"Disclaimer - Goodyear Air Springs","description":"Legal The GOODYEAR trademark is used by Infinity Engineered Products under license from The Goodyear Tire & Rubber Company. Goodyear Air Springs are manufactured and sourced exclusively by Infinity Engineered Products or its affiliates. \u00a9 2023 Infinity Engineered Products All rights reserved. Legal NoticeInfinity Air Springs Products Inc. (\u201c INFINITY \u201d) offers this website, including","inLanguage":"es-MX","isPartOf":{"@id":"https:\/\/goodyearairsprings.com\/es\/#website"},"breadcrumb":{"@id":"https:\/\/goodyearairsprings.com\/es\/disclaimer\/#breadcrumblist"},"datePublished":"2022-12-12T16:12:25+00:00","dateModified":"2023-04-18T18:41:07+00:00"},{"@type":"WebSite","@id":"https:\/\/goodyearairsprings.com\/es\/#website","url":"https:\/\/goodyearairsprings.com\/es\/","name":"Infinity Engineered Products \/ Goodyear Air Springs","description":"Engineered for Mission-Critical Industries","inLanguage":"es-MX","publisher":{"@id":"https:\/\/goodyearairsprings.com\/es\/#organization"}}]},"og:locale":"es_MX","og:site_name":"Goodyear Air Springs - Engineered for Mission-Critical Industries","og:type":"article","og:title":"Disclaimer - Goodyear Air Springs","og:description":"Legal The GOODYEAR trademark is used by Infinity Engineered Products under license from The Goodyear Tire &amp; Rubber Company. Goodyear Air Springs are manufactured and sourced exclusively by Infinity Engineered Products or its affiliates. \u00a9 2023 Infinity Engineered Products All rights reserved. Legal NoticeInfinity Air Springs Products Inc. (\u201c INFINITY \u201d) offers this website, including","og:url":"https:\/\/goodyearairsprings.com\/es\/disclaimer\/","og:image":"https:\/\/goodyearairsprings.com\/wp-content\/uploads\/2022\/11\/Infinity-Goodyear-logo-mobile.png","og:image:secure_url":"https:\/\/goodyearairsprings.com\/wp-content\/uploads\/2022\/11\/Infinity-Goodyear-logo-mobile.png","og:image:width":340,"og:image:height":59,"article:published_time":"2022-12-12T16:12:25+00:00","article:modified_time":"2023-04-18T18:41:07+00:00","twitter:card":"summary_large_image","twitter:site":"@GoodYearSprings","twitter:title":"Disclaimer - Goodyear Air Springs","twitter:description":"Legal The GOODYEAR trademark is used by Infinity Engineered Products under license from The Goodyear Tire &amp; Rubber Company. Goodyear Air Springs are manufactured and sourced exclusively by Infinity Engineered Products or its affiliates. \u00a9 2023 Infinity Engineered Products All rights reserved. Legal NoticeInfinity Air Springs Products Inc. (\u201c INFINITY \u201d) offers this website, including","twitter:creator":"@GoodYearSprings","twitter:image":"https:\/\/goodyearairsprings.com\/wp-content\/uploads\/2022\/11\/Infinity-Goodyear-logo-mobile.png"},"aioseo_meta_data":{"post_id":"188","title":null,"description":null,"keywords":null,"keyphrases":null,"primary_term":null,"canonical_url":null,"og_title":null,"og_description":null,"og_object_type":"default","og_image_type":"default","og_image_url":null,"og_image_width":null,"og_image_height":null,"og_image_custom_url":null,"og_image_custom_fields":null,"og_video":null,"og_custom_url":null,"og_article_section":null,"og_article_tags":null,"twitter_use_og":false,"twitter_card":"default","twitter_image_type":"default","twitter_image_url":null,"twitter_image_custom_url":null,"twitter_image_custom_fields":null,"twitter_title":null,"twitter_description":null,"schema":{"blockGraphs":[],"customGraphs":[],"default":{"data":{"Article":[],"Course":[],"Dataset":[],"FAQPage":[],"Movie":[],"Person":[],"Product":[],"ProductReview":[],"Car":[],"Recipe":[],"Service":[],"SoftwareApplication":[],"WebPage":[]},"graphName":"","isEnabled":true},"graphs":[]},"schema_type":"default","schema_type_options":null,"pillar_content":false,"robots_default":true,"robots_noindex":false,"robots_noarchive":false,"robots_nosnippet":false,"robots_nofollow":false,"robots_noimageindex":false,"robots_noodp":false,"robots_notranslate":false,"robots_max_snippet":null,"robots_max_videopreview":null,"robots_max_imagepreview":"large","priority":null,"frequency":null,"local_seo":null,"seo_analyzer_scan_date":"2026-01-07 17:14:33","breadcrumb_settings":null,"limit_modified_date":false,"open_ai":null,"ai":null,"created":"2023-06-27 15:38:04","updated":"2026-04-09 11:31:25"},"aioseo_breadcrumb":"<div class=\"aioseo-breadcrumbs\"><span class=\"aioseo-breadcrumb\">\n\t<a href=\"https:\/\/goodyearairsprings.com\/es\" title=\"Home\">Home<\/a>\n<\/span><span class=\"aioseo-breadcrumb-separator\">&raquo;<\/span><span class=\"aioseo-breadcrumb\">\n\tDisclaimer\n<\/span><\/div>","aioseo_breadcrumb_json":[{"label":"Home","link":"https:\/\/goodyearairsprings.com\/es"},{"label":"Disclaimer","link":"https:\/\/goodyearairsprings.com\/es\/disclaimer\/"}],"_links":{"self":[{"href":"https:\/\/goodyearairsprings.com\/es\/wp-json\/wp\/v2\/pages\/188","targetHints":{"allow":["GET"]}}],"collection":[{"href":"https:\/\/goodyearairsprings.com\/es\/wp-json\/wp\/v2\/pages"}],"about":[{"href":"https:\/\/goodyearairsprings.com\/es\/wp-json\/wp\/v2\/types\/page"}],"author":[{"embeddable":true,"href":"https:\/\/goodyearairsprings.com\/es\/wp-json\/wp\/v2\/users\/2"}],"replies":[{"embeddable":true,"href":"https:\/\/goodyearairsprings.com\/es\/wp-json\/wp\/v2\/comments?post=188"}],"version-history":[{"count":0,"href":"https:\/\/goodyearairsprings.com\/es\/wp-json\/wp\/v2\/pages\/188\/revisions"}],"wp:attachment":[{"href":"https:\/\/goodyearairsprings.com\/es\/wp-json\/wp\/v2\/media?parent=188"}],"curies":[{"name":"wp","href":"https:\/\/api.w.org\/{rel}","templated":true}]}}